{"id":1470,"date":"2022-05-13T19:31:08","date_gmt":"2022-05-13T19:31:08","guid":{"rendered":"https:\/\/informaticadelmar.com.ar\/index.php\/mesmerize\/"},"modified":"2023-02-21T22:05:59","modified_gmt":"2023-02-21T22:05:59","slug":"mesmerize","status":"publish","type":"page","link":"https:\/\/informaticadelmar.com.ar\/","title":{"rendered":"Inicio"},"content":{"rendered":"<div  id=\"overlappable-4\" style=\"background-color: #ffffff;\" data-label=\"Overlappable\" data-id=\"overlappable-4\" data-export-id=\"overlappable-4\" data-category=\"overlappable\" class=\"overlappable-4 content-section content-section-spacing\" data-overlap=\"true\"><div  class=\"gridContainer\"> <div  data-type=\"row\" class=\"row spaced-cols text-center\"><div  class=\"col-xs-12 col-sm-4 col-padding col-md-3 \">  <div  data-type=\"column\" class=\"\"> <a data-cp-link=\"1\" href=\"#about-1\" class=\"\" target=\"_self\" rel=\"noopener\"><img decoding=\"async\"  class=\"custom-image\" src=\"https:\/\/informaticadelmar.com.ar\/wp-content\/uploads\/2022\/05\/1-modified-e1652640160664.png\" title=\"1-modified\" alt=\"\"><\/a><h5  class=\"\">SERVICIO T\u00c9CICO<\/h5> <p  class=\"\">\u00bfTienes problemas con tus equipos inform\u00e1ticos? \u00a1No te preocupes m\u00e1s! Nuestro servicio t\u00e9cnico especializado ofrece soluciones en reparaci\u00f3n de PC, seguridad inform\u00e1tica, administraci\u00f3n de redes y recuperaci\u00f3n de datos. Contamos con un equipo de profesionales altamente capacitados para garantizar un servicio eficiente y de calidad. \u00a1No dudes en contactarnos para recibir el mejor soporte t\u00e9cnico!<\/p><\/div> <\/div> <div  class=\"col-xs-12 col-sm-4 col-padding col-md-3 \">  <div  data-type=\"column\" class=\"\"><img decoding=\"async\"  class=\"custom-image\" src=\"https:\/\/informaticadelmar.com.ar\/wp-content\/uploads\/2022\/05\/3-modified-e1652640192737.png\" title=\"3-modified\" alt=\"\"><h5  class=\"\">REDES SOCIALES<\/h5> <p  class=\"\">Si tienes una empresa o negocio, es importante que tengas presencia en las redes sociales. Pero no solo se trata de tener una cuenta, sino de administrarla de forma efectiva para atraer y fidelizar a tus clientes. Ofrecemos servicios de administraci\u00f3n de redes sociales, creaci\u00f3n de contenido y publicidad en internet. Con nuestro trabajo podr\u00e1s mejorar tu presencia online y aumentar tus ventas. \u00a1Cont\u00e1ctanos para m\u00e1s informaci\u00f3n!<\/p><\/div> <\/div> <div  class=\"col-xs-12 col-sm-4 col-padding col-md-3 \">  <div  data-type=\"column\" class=\"\"> <a data-cp-link=\"1\" href=\"#clients-1\" class=\"\" target=\"_self\" rel=\"noopener\"><img decoding=\"async\"  class=\"custom-image\" src=\"https:\/\/informaticadelmar.com.ar\/wp-content\/uploads\/2022\/05\/2-modified-e1652640175680.png\" title=\"2-modified\" alt=\"\"><\/a><h5  class=\"\">DISE\u00d1O WEB<\/h5><p  class=\"\">\u00bfQuieres tener una presencia online s\u00f3lida y atractiva para tus clientes? Ofrecemos servicios de dise\u00f1o de p\u00e1ginas web y tiendas de comercio electr\u00f3nico personalizadas, adaptadas a las necesidades de tu negocio. Contamos con un equipo de dise\u00f1adores y programadores altamente capacitados para crear sitios web funcionales, est\u00e9ticos y atractivos para tus clientes. \u00a1Cont\u00e1ctanos y recibe una propuesta personalizada para tu negocio!<\/p><\/div> <\/div><div  class=\"col-xs-12 col-sm-4 col-padding col-md-3\">  <div  data-type=\"column\" class=\"\"> <a data-cp-link=\"1\" href=\"#menu-qr\" class=\"\" target=\"_self\" rel=\"noopener\"><img decoding=\"async\"  class=\"custom-image\" src=\"https:\/\/informaticadelmar.com.ar\/wp-content\/uploads\/2022\/05\/4-modified-e1652640207387.png\" title=\"4-modified\" alt=\"\"><\/a><h5  class=\"\">MENU DIGITAL QR<\/h5> <p  class=\"\">Ofrecemos servicios de dise\u00f1o y creaci\u00f3n de cartas digitales para restaurantes, utilizando tecnolog\u00eda QR. Con nuestro servicio, tus clientes podr\u00e1n tener acceso a una experiencia de men\u00fa interactiva y segura, que sigue las \u00faltimas tendencias en la industria gastron\u00f3mica. Moderniza tu negocio y brinda a tus clientes una forma innovadora de conocer tus platillos. Tambien contamos con una version gratuita que se financia integramente con un banner publicitario.&nbsp;<\/p><\/div> <\/div><\/div> <\/div><\/div><div  data-label=\"About\" data-id=\"about--1\" data-export-id=\"about-1\" data-category=\"about\" class=\"about-1 content-section\" id=\"about-1\" style=\"background-color: rgb(245, 250, 253);\"><div  class=\"gridContainer\"> <div  class=\"row text-center\"><div  class=\"section-title-col\" data-type=\"column\">  <h2  class=\"\"><font  face=\"Playfair Display, sans-serif\"><i >Soporte T\u00e9cnico IT para Empresas<\/i><\/font><\/h2> <p  class=\"lead\">T\u00e9cnico de Sistemas Microiform\u00e1ticos (SERVEF, Valecia, Espa\u00f1a)\n<br >Admiistrador de Redes y Seguridad Inform\u00e1tica UTN, Buenos Aires, Argentina)<\/p><\/div> <\/div> <div  class=\"row\"> <div  class=\"button-holder space-bottom space-bottom-small\" data-type=\"column\"> <\/div> <div  class=\"col-xs bottom-xs flexbox image-group-bottom-3-img space-bottom-xs center-xs\"> <img decoding=\"async\"  class=\"left-img shadow-large-black\" data-size=\"500x300\" src=\"https:\/\/informaticadelmar.com.ar\/wp-content\/uploads\/2022\/05\/cropped-61243715_1269356166574273_2886617162812751872_n.jpg\" title=\"cropped-61243715_1269356166574273_2886617162812751872_n.jpg\" alt=\"\"> <img decoding=\"async\"  class=\"center-img shadow-large-black\" data-size=\"500x300\" src=\"https:\/\/informaticadelmar.com.ar\/wp-content\/uploads\/2022\/05\/cropped-277347233_2135136843329530_2062970731585924310_n.jpg\" title=\"cropped-277347233_2135136843329530_2062970731585924310_n.jpg\" alt=\"\"> <img decoding=\"async\"  class=\"right-img shadow-large-black\" data-size=\"500x300\" src=\"https:\/\/informaticadelmar.com.ar\/wp-content\/uploads\/2022\/05\/cropped-61013305_1269356239907599_7595488790680961024_n.jpg\" title=\"cropped-61013305_1269356239907599_7595488790680961024_n.jpg\" alt=\"\"><\/div> <\/div><\/div> <\/div><div  data-label=\"Menu QR\" data-id=\"content--1\" data-export-id=\"content-2\" data-category=\"content\" class=\"content-2 content-section content-section-spacing\" id=\"menu-qr\" style=\"background-color: rgb(245, 250, 253);\"><div > <div  class=\"row middle-xs\"><div  class=\"col-sm-5 bg-image shadow-large-black\" data-bg=\"image\" style=\"background-image: url(&quot;https:\/\/informaticadelmar.com.ar\/wp-content\/uploads\/2022\/05\/cropped-Diseno-sin-titulo.png&quot;);\"><\/div> <div  class=\"col-sm-7 full-col-left-padding full-col-right-padding\"> <div  class=\"row\"> <div  data-type=\"column\" class=\"space-bottom-small content-title-col\">  <h2  class=\"\">MEN\u00da DIGITAL QR<\/h2> <p  class=\"\">Nuestro men\u00fa digital QR es una soluci\u00f3n innovadora para los restaurantes de la Costa Atl\u00e1ntica que buscan mejorar la experiencia gastron\u00f3mica de sus clientes. Con nuestra aplicaci\u00f3n, puedes ofrecer un men\u00fa interactivo y seguro, en l\u00ednea con las \u00faltimas tendencias de la industria.<\/p><\/div> <\/div> <div  class=\"row spaced-cols \" data-type=\"row\"> <div  class=\"col-xs-6\" data-type=\"column\"> <h5  class=\"\">FACIL DE USAR<\/h5> <p  class=\"\">Nuestra aplicaci\u00f3n se destaca por su simplicidad, dise\u00f1ada para que todos los clientes puedan utilizarla sin problemas ni explicaciones. Solo tienen que escanear el c\u00f3digo QR y acceder al men\u00fa digital.<\/p><\/div> <div  class=\"col-xs-6\" data-type=\"column\"><h5  class=\"\">SEGURIDAD GARANTIZADA<\/h5> <p  class=\"\">No requerimos ning\u00fan tipo de datos del cliente para poder acceder al men\u00fa digital, lo que garantiza la seguridad de sus datos. Adem\u00e1s, nuestro servicio est\u00e1 alojado en Hostinger, lo que asegura un tiempo de actividad en l\u00ednea del 99,9%.<\/p><\/div> <div  class=\"col-xs-6\" data-type=\"column\"><h5  class=\"\">GRATUITA Y SIN COMPROMISOS<\/h5> <p  class=\"\">Nuestro servicio es totalmente gratuito y est\u00e1 financiado \u00edntegramente con publicidad de empresas y emprendedores locales y nacionales. De esta forma, puedes ofrecer un men\u00fa digital atractivo a tus clientes sin incurrir en costos adicionales.<\/p><\/div> <div  class=\"col-xs-6\" data-type=\"column\"><h5  class=\"\">OPORTUNIDADES DE PUBLICIDAD<\/h5> <p  class=\"\">Adem\u00e1s, nuestra aplicaci\u00f3n es el mejor lugar para publicitar tu empresa local. Con m\u00e1s de 50,000 visitas al mes seg\u00fan estad\u00edsticas de Google, puedes aprovechar nuestra plataforma para promocionar tus productos y servicios.<\/p><\/div> <\/div><\/div> <\/div><\/div> <\/div><div  data-label=\"Clients\" data-id=\"clients--1\" data-export-id=\"clients-4\" data-category=\"clients\" class=\"clients-4 content-section content-section-spacing-small\" id=\"clients-1\" style=\"background-color: rgb(245, 250, 253);\"><div  class=\"gridContainer\"> <div  class=\"row\"><div  data-type=\"column\" class=\"section-title-col\"> <h2  class=\"font-700\">Nuestros Clientes<\/h2> <p  class=\"lead\">Paginas web y Men\u00fa Digitales<\/p><\/div> <\/div> <div  data-type=\"row\" class=\"row spaced-cols middle-xs center-xs space-bottom padding-lr\"> <div  class=\"col-xs-6 col-sm-2\"> <a data-cp-link=\"1\" href=\"http:\/\/amoros.com.ar\" class=\"\" target=\"_self\" rel=\"noopener\"><img decoding=\"async\"  src=\"https:\/\/informaticadelmar.com.ar\/wp-content\/uploads\/2022\/05\/cropped-14.jpg\" class=\"\" title=\"cropped-14.jpg\" alt=\"\"><\/a><\/div> <div  class=\"col-xs-6 col-sm-2\"> <a data-cp-link=\"1\" href=\"http:\/\/somossuvozsantaclaradelmar.com.ar\" class=\"\" target=\"_self\" rel=\"noopener\"><img decoding=\"async\"  src=\"https:\/\/informaticadelmar.com.ar\/wp-content\/uploads\/2022\/05\/cropped-4.jpg\" class=\"\" title=\"cropped-4.jpg\" alt=\"\"><\/a><\/div> <div  class=\"col-xs-6 col-sm-2\"> <a data-cp-link=\"1\" href=\"http:\/\/xn--patagoniacabaas-brb.com.ar\" class=\"\" target=\"_self\" rel=\"noopener\"><img decoding=\"async\"  src=\"https:\/\/informaticadelmar.com.ar\/wp-content\/uploads\/2022\/05\/8.jpg\" class=\"\" title=\"8\" alt=\"\"><\/a><\/div> <div  class=\"col-xs-6 col-sm-2\"> <a data-cp-link=\"1\" href=\"https:\/\/santaclaradelmar.ar\" class=\"\" target=\"_self\" rel=\"noopener\"><img decoding=\"async\"  src=\"https:\/\/informaticadelmar.com.ar\/wp-content\/uploads\/2022\/05\/9.jpg\" class=\"\" title=\"9\" alt=\"\"><\/a><\/div> <div  class=\"col-xs-6 col-sm-2\"> <a data-cp-link=\"1\" href=\"http:\/\/balnearioelcabo.com.ar\" class=\"\" target=\"_self\" rel=\"noopener\"><img decoding=\"async\"  src=\"https:\/\/informaticadelmar.com.ar\/wp-content\/uploads\/2022\/05\/3.jpg\" class=\"\" title=\"3\" alt=\"\"><\/a><\/div> <div  class=\"col-xs-6 col-sm-2\"> <a data-cp-link=\"1\" href=\"http:\/\/balneariolalarga.com.ar\" class=\"\" target=\"_self\" rel=\"noopener\"><img decoding=\"async\"  src=\"https:\/\/informaticadelmar.com.ar\/wp-content\/uploads\/2022\/05\/2.jpg\" class=\"\" title=\"2\" alt=\"\"><\/a><\/div> <div  class=\"col-xs-6 col-sm-2\"> <a data-cp-link=\"1\" href=\"http:\/\/portada.informaticadelmar.com.ar\" class=\"\" target=\"_self\" rel=\"noopener\"><img decoding=\"async\"  src=\"https:\/\/informaticadelmar.com.ar\/wp-content\/uploads\/2022\/05\/cropped-1.jpg\" class=\"\" title=\"cropped-1.jpg\" alt=\"\"><\/a><\/div><div  class=\"col-xs-6 col-sm-2\"> <a data-cp-link=\"1\" href=\"http:\/\/oasishosteria.informaticadelmar.com.ar\" class=\"\" target=\"_self\" rel=\"noopener\"><img decoding=\"async\"  src=\"https:\/\/informaticadelmar.com.ar\/wp-content\/uploads\/2022\/05\/6.jpg\" class=\"\" title=\"6\" alt=\"\"><\/a><\/div><div  class=\"col-xs-6 col-sm-2\"> <a data-cp-link=\"1\" href=\"http:\/\/bistro41.informaticadelmar.com.ar\" class=\"\" target=\"_self\" rel=\"noopener\"><img decoding=\"async\"  src=\"https:\/\/informaticadelmar.com.ar\/wp-content\/uploads\/2022\/05\/cropped-5.jpg\" class=\"\" title=\"cropped-5.jpg\" alt=\"\"><\/a><\/div><div  class=\"col-xs-6 col-sm-2\"> <a data-cp-link=\"1\" href=\"http:\/\/dondera.informaticadelmar.com.ar\" class=\"\" target=\"_self\" rel=\"noopener\"><img decoding=\"async\"  src=\"https:\/\/informaticadelmar.com.ar\/wp-content\/uploads\/2022\/05\/10.jpg\" class=\"\" title=\"10\" alt=\"\"><\/a><\/div><div  class=\"col-xs-6 col-sm-2\"> <a data-cp-link=\"1\" href=\"http:\/\/ranchoaparte.informaticadelmar.com.ar\" class=\"\" target=\"_self\" rel=\"noopener\"><img decoding=\"async\"  src=\"https:\/\/informaticadelmar.com.ar\/wp-content\/uploads\/2022\/05\/12.jpg\" class=\"\" title=\"12\" alt=\"\"><\/a><\/div><div  class=\"col-xs-6 col-sm-2\"> <a data-cp-link=\"1\" href=\"http:\/\/domanchuk.com.ar\" class=\"\" target=\"_self\" rel=\"noopener\"><img decoding=\"async\"  src=\"https:\/\/informaticadelmar.com.ar\/wp-content\/uploads\/2022\/05\/11.jpg\" class=\"\" title=\"11\" alt=\"\"><\/a><\/div><\/div><\/div> <\/div><div  id=\"contacto\" data-label=\"Contacto\" data-id=\"contact-1\" data-export-id=\"contact-1\" data-category=\"contact\" class=\"contact-1 content-section content-section-spacing white-text\" data-parallax-depth=\"20\" style=\"background-image: url(&quot;https:\/\/informaticadelmar.com.ar\/wp-content\/uploads\/2022\/05\/communication-6605646_1920.jpg&quot;); background-size: cover; background-position: center top;\"><div  class=\"gridContainer\"> <div  class=\"row text-center\"><div  class=\"section-title-col\" data-type=\"column\"> <h2  class=\"\">Contacto<\/h2> <p  class=\"lead\">Iform\u00e1tica del Mar \u2013 Carilo 141, Santa Clara del Mar \u2013 Argetina\n<br >info@informaticadelmar.com&nbsp; +549 223 416-1960<\/p><\/div> <\/div> <div  class=\"row text-center\"> <div  class=\"col-xs-12 col-sm-8 col-sm-offset-2 contact-form-wrapper inline-info\"> <div  class=\"card large-padding\"> <div  class=\"\" data-content-shortcode=\"mesmerize_contact_form\" data-editable=\"true\"><p style=\"text-align:center;color:#ababab\">Contact form will be displayed here. To activate it you have to set the \"contact form shortcode\" parameter in Customizer.<\/p><\/div><\/div> <\/div><\/div> <\/div><\/div>","protected":false},"excerpt":{"rendered":"<p>SERVICIO T\u00c9CICO \u00bfTienes problemas con tus equipos inform\u00e1ticos? \u00a1No te preocupes m\u00e1s! Nuestro servicio t\u00e9cnico especializado ofrece soluciones en reparaci\u00f3n de PC, seguridad inform\u00e1tica, administraci\u00f3n de redes y recuperaci\u00f3n de datos. Contamos con un equipo de profesionales altamente capacitados para garantizar un servicio eficiente y de calidad. \u00a1No dudes en contactarnos para recibir el mejor&hellip; <br \/> <a class=\"read-more\" href=\"https:\/\/informaticadelmar.com.ar\/\">Read more<\/a><\/p>\n","protected":false},"author":1,"featured_media":0,"parent":0,"menu_order":0,"comment_status":"closed","ping_status":"closed","template":"page-templates\/homepage.php","meta":{"_joinchat":[],"footnotes":""},"class_list":["post-1470","page","type-page","status-publish","hentry"],"_links":{"self":[{"href":"https:\/\/informaticadelmar.com.ar\/index.php\/wp-json\/wp\/v2\/pages\/1470","targetHints":{"allow":["GET"]}}],"collection":[{"href":"https:\/\/informaticadelmar.com.ar\/index.php\/wp-json\/wp\/v2\/pages"}],"about":[{"href":"https:\/\/informaticadelmar.com.ar\/index.php\/wp-json\/wp\/v2\/types\/page"}],"author":[{"embeddable":true,"href":"https:\/\/informaticadelmar.com.ar\/index.php\/wp-json\/wp\/v2\/users\/1"}],"replies":[{"embeddable":true,"href":"https:\/\/informaticadelmar.com.ar\/index.php\/wp-json\/wp\/v2\/comments?post=1470"}],"version-history":[{"count":20,"href":"https:\/\/informaticadelmar.com.ar\/index.php\/wp-json\/wp\/v2\/pages\/1470\/revisions"}],"predecessor-version":[{"id":1582,"href":"https:\/\/informaticadelmar.com.ar\/index.php\/wp-json\/wp\/v2\/pages\/1470\/revisions\/1582"}],"wp:attachment":[{"href":"https:\/\/informaticadelmar.com.ar\/index.php\/wp-json\/wp\/v2\/media?parent=1470"}],"curies":[{"name":"wp","href":"https:\/\/api.w.org\/{rel}","templated":true}]}}